{"id":5888,"date":"2024-08-09T10:27:46","date_gmt":"2024-08-09T10:27:46","guid":{"rendered":"https:\/\/eleport.com\/?page_id=5888"},"modified":"2025-05-22T09:45:15","modified_gmt":"2025-05-22T09:45:15","slug":"androidi-mobiilirakenduse-kasutusjuhend","status":"publish","type":"page","link":"https:\/\/eleport.com\/et\/info\/androidi-mobiilirakenduse-kasutusjuhend\/","title":{"rendered":"Androidi mobiilirakenduse kasutusjuhend"},"content":{"rendered":"\t\t<div data-elementor-type=\"wp-page\" data-elementor-id=\"5888\" class=\"elementor elementor-5888 elementor-3124\" data-elementor-post-type=\"page\">\n\t\t\t\t<div class=\"elementor-element elementor-element-408ce4ff e-flex e-con-boxed e-con e-parent\" data-id=\"408ce4ff\" data-element_type=\"container\" data-e-type=\"container\" data-settings=\"{&quot;jet_parallax_layout_list&quot;:[]}\">\n\t\t\t\t\t<div class=\"e-con-inner\">\n\t\t<div class=\"elementor-element elementor-element-1d47d984 e-con-full e-flex e-con e-child\" data-id=\"1d47d984\" data-element_type=\"container\" data-e-type=\"container\" data-settings=\"{&quot;jet_parallax_layout_list&quot;:[]}\">\n\t\t<div class=\"elementor-element elementor-element-446503c1 e-con-full e-flex e-con e-child\" data-id=\"446503c1\" data-element_type=\"container\" data-e-type=\"container\" data-settings=\"{&quot;jet_parallax_layout_list&quot;:[]}\">\n\t\t<div class=\"elementor-element elementor-element-3d67f663 e-con-full e-flex e-con e-child\" data-id=\"3d67f663\" data-element_type=\"container\" data-e-type=\"container\" data-settings=\"{&quot;jet_parallax_layout_list&quot;:[]}\">\n\t\t\t\t<div class=\"elementor-element elementor-element-f2beb47 elementor-widget__width-initial elementor-widget-mobile__width-inherit elementor-widget elementor-widget-heading\" data-id=\"f2beb47\" data-element_type=\"widget\" data-e-type=\"widget\" data-widget_type=\"heading.default\">\n\t\t\t\t<div class=\"elementor-widget-container\">\n\t\t\t\t\t<h1 class=\"elementor-heading-title elementor-size-default\">Androidi mobiilirakenduse kasutusjuhend<\/h1>\t\t\t\t<\/div>\n\t\t\t\t<\/div>\n\t\t<div class=\"elementor-element elementor-element-fa54065 e-con-full e-flex e-con e-child\" data-id=\"fa54065\" data-element_type=\"container\" data-e-type=\"container\" data-settings=\"{&quot;jet_parallax_layout_list&quot;:[]}\">\n\t\t\t\t<div class=\"elementor-element elementor-element-3ade4c6 elementor-widget elementor-widget-text-editor\" data-id=\"3ade4c6\" data-element_type=\"widget\" data-e-type=\"widget\" data-widget_type=\"text-editor.default\">\n\t\t\t\t<div class=\"elementor-widget-container\">\n\t\t\t\t\t\t\t\t\t<p><b>\ud83c\uddf5\ud83c\uddf1 Poolas laadimine<\/b><b>:<\/b> Poolas laadimiseks <b>kasuta Eleport Polska<\/b> \u00e4ppi, mille leiad <a href=\"https:\/\/apps.apple.com\/app\/eleport-polska\/id6447239266\" target=\"_blank\" rel=\"noopener\">App Store&#8217;ist<\/a> ja <a href=\"https:\/\/play.google.com\/store\/apps\/details?id=pl.eleport.android.app\" target=\"_blank\" rel=\"noopener\">Play Store&#8217;ist<\/a> ning juhindu \u00e4pis kuvatud <a href=\"\/wp-content\/uploads\/2024\/08\/Instrukcja-obslugi-aplikacji-Eleport-Polska.pdf\">juhendite<\/a> j\u00e4rgi.<\/p><div id=\"wc_task_count_div\" class=\"wc_div_position_south wc_div_theme_dark\"><div id=\"wc_inner_div\"><span class=\"wc_row_label\">Words<\/span><span id=\"wc_word_count\" class=\"wc_row_value\"><\/span><span class=\"wc_row_label\">Characters<\/span><span id=\"wc_char_count\" class=\"wc_row_value\"><\/span><span class=\"wc_row_label\">Reading time<\/span><span id=\"wc_reading_time\" class=\"wc_row_value\"><\/span><\/div><\/div>\t\t\t\t\t\t\t\t<\/div>\n\t\t\t\t<\/div>\n\t\t\t\t<\/div>\n\t\t\t\t<div class=\"elementor-element elementor-element-7240b95b elementor-widget elementor-widget-image\" data-id=\"7240b95b\" data-element_type=\"widget\" data-e-type=\"widget\" data-widget_type=\"image.default\">\n\t\t\t\t<div class=\"elementor-widget-container\">\n\t\t\t\t\t\t\t\t\t\t\t\t\t\t\t<img fetchpriority=\"high\" decoding=\"async\" width=\"2048\" height=\"1366\" src=\"https:\/\/eleport.com\/wp-content\/uploads\/2025\/05\/DC-charging-1.jpg\" class=\"attachment-full size-full wp-image-5890\" alt=\"\" srcset=\"https:\/\/eleport.com\/wp-content\/uploads\/2025\/05\/DC-charging-1.jpg 2048w, https:\/\/eleport.com\/wp-content\/uploads\/2025\/05\/DC-charging-1-300x200.jpg 300w, https:\/\/eleport.com\/wp-content\/uploads\/2025\/05\/DC-charging-1-1024x683.jpg 1024w, https:\/\/eleport.com\/wp-content\/uploads\/2025\/05\/DC-charging-1-768x512.jpg 768w, https:\/\/eleport.com\/wp-content\/uploads\/2025\/05\/DC-charging-1-1536x1025.jpg 1536w\" sizes=\"(max-width: 2048px) 100vw, 2048px\" \/>\t\t\t\t\t\t\t\t\t\t\t\t\t\t\t<\/div>\n\t\t\t\t<\/div>\n\t\t\t\t<\/div>\n\t\t<div class=\"elementor-element elementor-element-3c426bc e-con-full e-flex e-con e-child\" data-id=\"3c426bc\" data-element_type=\"container\" data-e-type=\"container\" data-settings=\"{&quot;jet_parallax_layout_list&quot;:[]}\">\n\t\t\t\t<div class=\"elementor-element elementor-element-305c5f96 elementor-widget elementor-widget-text-editor\" data-id=\"305c5f96\" data-element_type=\"widget\" data-e-type=\"widget\" data-widget_type=\"text-editor.default\">\n\t\t\t\t<div class=\"elementor-widget-container\">\n\t\t\t\t\t\t\t\t\t<p data-renderer-start-pos=\"227\">Eleporti mobiilirakenduse kasutamine on lihtne. Sellega saad vaadata laadijaid, sisselogitult laadida ja tehtud tehinguid j\u00e4lgida.<\/p><p data-renderer-start-pos=\"359\">Rakenduse kasutamise alustamiseks toimi j\u00e4rgmiselt:<\/p><ul data-indent-level=\"1\"><li><p data-renderer-start-pos=\"414\">Veendu, et oled rakenduse Play Store\u2019st alla laadinud.<\/p><\/li><li><p data-renderer-start-pos=\"471\">Veendu, et sul on Eleporti konto.<\/p><\/li><\/ul><p data-renderer-start-pos=\"508\"><strong data-renderer-mark=\"true\">NB!<\/strong> Kui sul ei ole veel Eleporti kontot, saad selle luua <a title=\"https:\/\/register.eleport.com\/en\" href=\"https:\/\/register.eleport.com\/et\" target=\"_blank\" rel=\"noopener\" data-renderer-mark=\"true\"><span data-renderer-mark=\"true\">siin<\/span><\/a>.<\/p><p data-renderer-start-pos=\"737\"><b>Samm 1:<\/b> Logi sisse Eleport rakendusse<\/p><p data-renderer-start-pos=\"737\"><b>Samm 2:<\/b> Vali laadija pistik<\/p><p data-renderer-start-pos=\"737\">Vali rakenduses sobiva ID-ga laadija, vali pistiku t\u00fc\u00fcp ja vajuta nupule \u201eAlusta laadimist\u201d.<\/p><p data-renderer-start-pos=\"737\"><b>Samm 3:<\/b> Laadimine<\/p><p data-renderer-start-pos=\"737\">Laadimine algab 30 sekundi jooksul. S\u00f5ltuvalt laadija t\u00fc\u00fcbist kuvatakse laadimisandmeid erinevalt.<\/p><p data-renderer-start-pos=\"737\"><b>M\u00e4rkus:<\/b> Kui te ei saa m\u00f5\u00f5turi v\u00e4\u00e4rtusi minuti v\u00f5i kahe jooksul, kuvatakse ekraanil teade &#8220;Aku teave ei ole saadaval&#8221;.<\/p><p data-renderer-start-pos=\"737\"><span style=\"color: var( --e-global-color-secondary ); font-family: var( --e-global-typography-text-font-family ), Sans-serif; font-size: var( --e-global-typography-text-font-size ); font-weight: var( --e-global-typography-text-font-weight ); text-align: var(--text-align);\">Laadimise peatamiseks vajuta <\/span><span style=\"color: var( --e-global-color-secondary ); font-family: var( --e-global-typography-text-font-family ), Sans-serif; font-size: var( --e-global-typography-text-font-size ); text-align: var(--text-align);\"><b>\u201eL\u00f5peta laadimine\u201d<\/b><\/span><span style=\"color: var( --e-global-color-secondary ); font-family: var( --e-global-typography-text-font-family ), Sans-serif; font-size: var( --e-global-typography-text-font-size ); font-weight: var( --e-global-typography-text-font-weight ); text-align: var(--text-align);\">nupule.<\/span><\/p><p data-renderer-start-pos=\"737\"><b>Samm 4:<\/b> Kontrolli laadimise kokkuv\u00f5tet<\/p><p data-renderer-start-pos=\"737\">Kontrolli, kas l\u00f5petatud laadimise kokkuv\u00f5te on \u00f5ige.<\/p><p data-renderer-start-pos=\"737\">Laadimist saad uuesti alustada nupuga <b>\u201cAlusta laadimist\u201d<\/b>.<\/p><p data-renderer-start-pos=\"737\"><span style=\"color: var( --e-global-color-secondary ); font-family: var( --e-global-typography-text-font-family ), Sans-serif; font-size: var( --e-global-typography-text-font-size ); font-weight: var( --e-global-typography-text-font-weight ); text-align: var(--text-align);\">NB! Enne laadimise uuesti alustamist tuleb laadija pistik auto k\u00fcljest eemaldada ja uuesti \u00fchendada.<\/span><\/p><div id=\"wc_task_count_div\" class=\"wc_div_position_south wc_div_theme_dark\"><div id=\"wc_inner_div\"><span class=\"wc_row_label\">Words<\/span><span id=\"wc_word_count\" class=\"wc_row_value\"><\/span><span class=\"wc_row_label\">Characters<\/span><span id=\"wc_char_count\" class=\"wc_row_value\"><\/span><span class=\"wc_row_label\">Reading time<\/span><span id=\"wc_reading_time\" class=\"wc_row_value\"><\/span><\/div><\/div>\t\t\t\t\t\t\t\t<\/div>\n\t\t\t\t<\/div>\n\t\t\t\t<\/div>\n\t\t\t\t<\/div>\n\t\t\t\t<\/div>\n\t\t\t\t\t<\/div>\n\t\t\t\t<\/div>\n\t\t\t\t<\/div>\n\t\t","protected":false},"excerpt":{"rendered":"<p>Androidi mobiilirakenduse kasutusjuhend \ud83c\uddf5\ud83c\uddf1 Poolas laadimine: Poolas laadimiseks kasuta Eleport Polska \u00e4ppi, mille leiad App Store&#8217;ist ja Play Store&#8217;ist ning juhindu \u00e4pis kuvatud juhendite j\u00e4rgi. WordsCharactersReading time Eleporti mobiilirakenduse kasutamine on lihtne. Sellega saad vaadata laadijaid, sisselogitult laadida ja tehtud tehinguid j\u00e4lgida. Rakenduse kasutamise alustamiseks toimi j\u00e4rgmiselt: Veendu, et oled rakenduse Play Store\u2019st alla laadinud. [&hellip;]<\/p>\n","protected":false},"author":5,"featured_media":4841,"parent":5862,"menu_order":0,"comment_status":"closed","ping_status":"closed","template":"elementor_header_footer","meta":{"footnotes":"","_wpscppro_dont_share_socialmedia":false,"_wpscppro_custom_social_share_image":0,"_facebook_share_type":"default","_twitter_share_type":"default","_linkedin_share_type":"default","_pinterest_share_type":"default","_linkedin_share_type_page":"","_instagram_share_type":"default","_medium_share_type":"default","_threads_share_type":"","_google_business_share_type":"","_selected_social_profile":[],"_wpsp_enable_custom_social_template":false,"_wpsp_social_scheduling":{"enabled":false,"datetime":null,"platforms":[],"status":"template_only","dateOption":"today","timeOption":"now","customDays":"","customHours":"","customDate":"","customTime":"","schedulingType":"absolute"},"_wpsp_active_default_template":true},"class_list":["post-5888","page","type-page","status-publish","has-post-thumbnail","hentry"],"_links":{"self":[{"href":"https:\/\/eleport.com\/et\/wp-json\/wp\/v2\/pages\/5888","targetHints":{"allow":["GET"]}}],"collection":[{"href":"https:\/\/eleport.com\/et\/wp-json\/wp\/v2\/pages"}],"about":[{"href":"https:\/\/eleport.com\/et\/wp-json\/wp\/v2\/types\/page"}],"author":[{"embeddable":true,"href":"https:\/\/eleport.com\/et\/wp-json\/wp\/v2\/users\/5"}],"replies":[{"embeddable":true,"href":"https:\/\/eleport.com\/et\/wp-json\/wp\/v2\/comments?post=5888"}],"version-history":[{"count":7,"href":"https:\/\/eleport.com\/et\/wp-json\/wp\/v2\/pages\/5888\/revisions"}],"predecessor-version":[{"id":6071,"href":"https:\/\/eleport.com\/et\/wp-json\/wp\/v2\/pages\/5888\/revisions\/6071"}],"up":[{"embeddable":true,"href":"https:\/\/eleport.com\/et\/wp-json\/wp\/v2\/pages\/5862"}],"wp:featuredmedia":[{"embeddable":true,"href":"https:\/\/eleport.com\/et\/wp-json\/wp\/v2\/media\/4841"}],"wp:attachment":[{"href":"https:\/\/eleport.com\/et\/wp-json\/wp\/v2\/media?parent=5888"}],"curies":[{"name":"wp","href":"https:\/\/api.w.org\/{rel}","templated":true}]}}