{"id":5959,"date":"2024-06-25T20:04:57","date_gmt":"2024-06-25T18:04:57","guid":{"rendered":"https:\/\/eleport.com\/?page_id=5959"},"modified":"2025-05-22T09:58:41","modified_gmt":"2025-05-22T09:58:41","slug":"meediale","status":"publish","type":"page","link":"https:\/\/eleport.com\/et\/info\/meediale\/","title":{"rendered":"Meediale"},"content":{"rendered":"\t\t<div data-elementor-type=\"wp-page\" data-elementor-id=\"5959\" class=\"elementor elementor-5959 elementor-42\" data-elementor-post-type=\"page\">\n\t\t\t\t<div class=\"elementor-element elementor-element-14a433d7 e-flex e-con-boxed e-con e-parent\" data-id=\"14a433d7\" data-element_type=\"container\" data-e-type=\"container\" data-settings=\"{&quot;jet_parallax_layout_list&quot;:[]}\">\n\t\t\t\t\t<div class=\"e-con-inner\">\n\t\t<div class=\"elementor-element elementor-element-1e4f68af e-con-full e-flex e-con e-child\" data-id=\"1e4f68af\" data-element_type=\"container\" data-e-type=\"container\" data-settings=\"{&quot;background_background&quot;:&quot;classic&quot;,&quot;jet_parallax_layout_list&quot;:[]}\">\n\t\t\t\t<div class=\"elementor-element elementor-element-37f614a3 elementor-widget elementor-widget-heading\" data-id=\"37f614a3\" data-element_type=\"widget\" data-e-type=\"widget\" data-widget_type=\"heading.default\">\n\t\t\t\t<div class=\"elementor-widget-container\">\n\t\t\t\t\t<span class=\"elementor-heading-title elementor-size-default\">Meediale<\/span>\t\t\t\t<\/div>\n\t\t\t\t<\/div>\n\t\t\t\t<div class=\"elementor-element elementor-element-3ae3dc48 elementor-widget elementor-widget-heading\" data-id=\"3ae3dc48\" data-element_type=\"widget\" data-e-type=\"widget\" data-widget_type=\"heading.default\">\n\t\t\t\t<div class=\"elementor-widget-container\">\n\t\t\t\t\t<h1 class=\"elementor-heading-title elementor-size-default\">K\u00f5ik vajalik \u00fches kohas<\/h1>\t\t\t\t<\/div>\n\t\t\t\t<\/div>\n\t\t\t\t<div class=\"elementor-element elementor-element-3fdc9760 elementor-widget__width-initial elementor-widget-mobile__width-inherit elementor-widget elementor-widget-text-editor\" data-id=\"3fdc9760\" data-element_type=\"widget\" data-e-type=\"widget\" data-widget_type=\"text-editor.default\">\n\t\t\t\t<div class=\"elementor-widget-container\">\n\t\t\t\t\t\t\t\t\t<p data-pm-slice=\"1 1 []\">Siit leiad materjale Eleporti kohta, et teha sinu t\u00f6\u00f6 ajakirjanikuna mugavamaks.<\/p>\n\t\t\t\t\t\t\t\t<\/div>\n\t\t\t\t<\/div>\n\t\t\t\t<\/div>\n\t\t\t\t\t<\/div>\n\t\t\t\t<\/div>\n\t\t<div class=\"elementor-element elementor-element-1b6c31e5 e-flex e-con-boxed e-con e-parent\" data-id=\"1b6c31e5\" data-element_type=\"container\" data-e-type=\"container\" id=\"legal-documents\" data-settings=\"{&quot;jet_parallax_layout_list&quot;:[]}\">\n\t\t\t\t\t<div class=\"e-con-inner\">\n\t\t<div class=\"elementor-element elementor-element-9169688 e-con-full e-flex e-con e-child\" data-id=\"9169688\" data-element_type=\"container\" data-e-type=\"container\" data-settings=\"{&quot;jet_parallax_layout_list&quot;:[]}\">\n\t\t<div class=\"elementor-element elementor-element-390fe411 e-con-full e-flex e-con e-child\" data-id=\"390fe411\" data-element_type=\"container\" data-e-type=\"container\" data-settings=\"{&quot;jet_parallax_layout_list&quot;:[]}\">\n\t\t<div class=\"elementor-element elementor-element-3ebd0550 e-con-full e-flex e-con e-child\" data-id=\"3ebd0550\" data-element_type=\"container\" data-e-type=\"container\" data-settings=\"{&quot;jet_parallax_layout_list&quot;:[]}\">\n\t\t<div class=\"elementor-element elementor-element-197ca62 e-con-full e-flex e-con e-child\" data-id=\"197ca62\" data-element_type=\"container\" data-e-type=\"container\" data-settings=\"{&quot;jet_parallax_layout_list&quot;:[]}\">\n\t\t\t\t<div class=\"elementor-element elementor-element-5599f2f2 elementor-widget elementor-widget-heading\" data-id=\"5599f2f2\" data-element_type=\"widget\" data-e-type=\"widget\" data-widget_type=\"heading.default\">\n\t\t\t\t<div class=\"elementor-widget-container\">\n\t\t\t\t\t<span class=\"elementor-heading-title elementor-size-default\">Saadaval materjalid<\/span>\t\t\t\t<\/div>\n\t\t\t\t<\/div>\n\t\t<div class=\"elementor-element elementor-element-cea74c4 e-con-full e-flex e-con e-child\" data-id=\"cea74c4\" data-element_type=\"container\" data-e-type=\"container\" data-settings=\"{&quot;jet_parallax_layout_list&quot;:[]}\">\n\t\t<div class=\"elementor-element elementor-element-7e02d3f2 e-grid e-con-full e-con e-child\" data-id=\"7e02d3f2\" data-element_type=\"container\" data-e-type=\"container\" data-settings=\"{&quot;jet_parallax_layout_list&quot;:[]}\">\n\t\t<div class=\"elementor-element elementor-element-78e5ebf e-con-full e-flex e-con e-child\" data-id=\"78e5ebf\" data-element_type=\"container\" data-e-type=\"container\" data-settings=\"{&quot;jet_parallax_layout_list&quot;:[]}\">\n\t\t<div class=\"elementor-element elementor-element-74322d6b e-con-full e-flex e-con e-child\" data-id=\"74322d6b\" data-element_type=\"container\" data-e-type=\"container\" data-settings=\"{&quot;jet_parallax_layout_list&quot;:[]}\">\n\t\t<div class=\"elementor-element elementor-element-b020f90 e-con-full e-flex e-con e-child\" data-id=\"b020f90\" data-element_type=\"container\" data-e-type=\"container\" data-settings=\"{&quot;jet_parallax_layout_list&quot;:[]}\">\n\t\t\t\t<div class=\"elementor-element elementor-element-5005794a elementor-widget elementor-widget-image\" data-id=\"5005794a\" data-element_type=\"widget\" data-e-type=\"widget\" data-widget_type=\"image.default\">\n\t\t\t\t<div class=\"elementor-widget-container\">\n\t\t\t\t\t\t\t\t\t\t\t\t\t\t\t<img fetchpriority=\"high\" decoding=\"async\" width=\"1536\" height=\"864\" src=\"https:\/\/eleport.com\/wp-content\/uploads\/2025\/05\/Eleport-Meeskond-Noblessner-66-scaled-2-1536x864.webp\" class=\"attachment-1536x1536 size-1536x1536 wp-image-5966\" alt=\"\" srcset=\"https:\/\/eleport.com\/wp-content\/uploads\/2025\/05\/Eleport-Meeskond-Noblessner-66-scaled-2-1536x864.webp 1536w, https:\/\/eleport.com\/wp-content\/uploads\/2025\/05\/Eleport-Meeskond-Noblessner-66-scaled-2-300x169.webp 300w, https:\/\/eleport.com\/wp-content\/uploads\/2025\/05\/Eleport-Meeskond-Noblessner-66-scaled-2-1024x576.webp 1024w, https:\/\/eleport.com\/wp-content\/uploads\/2025\/05\/Eleport-Meeskond-Noblessner-66-scaled-2-768x432.webp 768w, https:\/\/eleport.com\/wp-content\/uploads\/2025\/05\/Eleport-Meeskond-Noblessner-66-scaled-2-2048x1152.webp 2048w\" sizes=\"(max-width: 1536px) 100vw, 1536px\" \/>\t\t\t\t\t\t\t\t\t\t\t\t\t\t\t<\/div>\n\t\t\t\t<\/div>\n\t\t\t\t<\/div>\n\t\t<div class=\"elementor-element elementor-element-17093482 e-con-full e-flex e-con e-child\" data-id=\"17093482\" data-element_type=\"container\" data-e-type=\"container\" data-settings=\"{&quot;jet_parallax_layout_list&quot;:[]}\">\n\t\t\t\t<div class=\"elementor-element elementor-element-b497355 elementor-widget elementor-widget-heading\" data-id=\"b497355\" data-element_type=\"widget\" data-e-type=\"widget\" data-widget_type=\"heading.default\">\n\t\t\t\t<div class=\"elementor-widget-container\">\n\t\t\t\t\t<h2 class=\"elementor-heading-title elementor-size-default\">Eleporti meediapakk<\/h2>\t\t\t\t<\/div>\n\t\t\t\t<\/div>\n\t\t\t\t<div class=\"elementor-element elementor-element-436eea62 elementor-widget elementor-widget-button\" data-id=\"436eea62\" data-element_type=\"widget\" data-e-type=\"widget\" data-widget_type=\"button.default\">\n\t\t\t\t<div class=\"elementor-widget-container\">\n\t\t\t\t\t\t\t\t\t<div class=\"elementor-button-wrapper\">\n\t\t\t\t\t<a class=\"elementor-button elementor-button-link elementor-size-sm\" href=\"\/wp-content\/uploads\/2024\/08\/Eleport-Logo.zip\" target=\"_blank\">\n\t\t\t\t\t\t<span class=\"elementor-button-content-wrapper\">\n\t\t\t\t\t\t<span class=\"elementor-button-icon\">\n\t\t\t\t<svg xmlns=\"http:\/\/www.w3.org\/2000\/svg\" width=\"24\" height=\"24\" viewBox=\"0 0 24 24\" fill=\"none\" stroke=\"currentColor\" stroke-width=\"2\" stroke-linecap=\"round\" stroke-linejoin=\"round\" class=\"lucide lucide-arrow-up-right\"><path d=\"M7 7h10v10\"><\/path><path d=\"M7 17 17 7\"><\/path><\/svg>\t\t\t<\/span>\n\t\t\t\t\t\t\t\t\t<span class=\"elementor-button-text\">Laadi alla<\/span>\n\t\t\t\t\t<\/span>\n\t\t\t\t\t<\/a>\n\t\t\t\t<\/div>\n\t\t\t\t\t\t\t\t<\/div>\n\t\t\t\t<\/div>\n\t\t\t\t<\/div>\n\t\t\t\t<\/div>\n\t\t\t\t<\/div>\n\t\t\t\t<\/div>\n\t\t\t\t<\/div>\n\t\t\t\t<\/div>\n\t\t\t\t<\/div>\n\t\t\t\t<\/div>\n\t\t\t\t<\/div>\n\t\t\t\t\t<\/div>\n\t\t\t\t<\/div>\n\t\t\t\t<\/div>\n\t\t","protected":false},"excerpt":{"rendered":"<p>Meediale K\u00f5ik vajalik \u00fches kohas Siit leiad materjale Eleporti kohta, et teha sinu t\u00f6\u00f6 ajakirjanikuna mugavamaks. Saadaval materjalid Eleporti meediapakk Laadi alla<\/p>\n","protected":false},"author":5,"featured_media":0,"parent":5862,"menu_order":2,"comment_status":"closed","ping_status":"closed","template":"","meta":{"footnotes":"","_wpscppro_dont_share_socialmedia":false,"_wpscppro_custom_social_share_image":0,"_facebook_share_type":"default","_twitter_share_type":"default","_linkedin_share_type":"default","_pinterest_share_type":"default","_linkedin_share_type_page":"","_instagram_share_type":"default","_medium_share_type":"default","_threads_share_type":"","_google_business_share_type":"","_selected_social_profile":[],"_wpsp_enable_custom_social_template":false,"_wpsp_social_scheduling":{"enabled":false,"datetime":null,"platforms":[],"status":"template_only","dateOption":"today","timeOption":"now","customDays":"","customHours":"","customDate":"","customTime":"","schedulingType":"absolute"},"_wpsp_active_default_template":true},"class_list":["post-5959","page","type-page","status-publish","hentry"],"_links":{"self":[{"href":"https:\/\/eleport.com\/et\/wp-json\/wp\/v2\/pages\/5959","targetHints":{"allow":["GET"]}}],"collection":[{"href":"https:\/\/eleport.com\/et\/wp-json\/wp\/v2\/pages"}],"about":[{"href":"https:\/\/eleport.com\/et\/wp-json\/wp\/v2\/types\/page"}],"author":[{"embeddable":true,"href":"https:\/\/eleport.com\/et\/wp-json\/wp\/v2\/users\/5"}],"replies":[{"embeddable":true,"href":"https:\/\/eleport.com\/et\/wp-json\/wp\/v2\/comments?post=5959"}],"version-history":[{"count":10,"href":"https:\/\/eleport.com\/et\/wp-json\/wp\/v2\/pages\/5959\/revisions"}],"predecessor-version":[{"id":6084,"href":"https:\/\/eleport.com\/et\/wp-json\/wp\/v2\/pages\/5959\/revisions\/6084"}],"up":[{"embeddable":true,"href":"https:\/\/eleport.com\/et\/wp-json\/wp\/v2\/pages\/5862"}],"wp:attachment":[{"href":"https:\/\/eleport.com\/et\/wp-json\/wp\/v2\/media?parent=5959"}],"curies":[{"name":"wp","href":"https:\/\/api.w.org\/{rel}","templated":true}]}}