{"id":6675,"date":"2024-06-25T20:04:38","date_gmt":"2024-06-25T20:04:38","guid":{"rendered":"https:\/\/eleport.com\/?page_id=6675"},"modified":"2025-05-28T10:53:56","modified_gmt":"2025-05-28T10:53:56","slug":"kaip-ikrauti-naudojant-eleport-ios-programele","status":"publish","type":"page","link":"https:\/\/eleport.com\/lt\/istekliai\/kaip-ikrauti-naudojant-eleport-ios-programele\/","title":{"rendered":"iOS program\u0117l\u0117s \u012fkrovimo vadovas"},"content":{"rendered":"\t\t<div data-elementor-type=\"wp-page\" data-elementor-id=\"6675\" class=\"elementor elementor-6675 elementor-40\" data-elementor-post-type=\"page\">\n\t\t\t\t<div class=\"elementor-element elementor-element-215200e6 e-flex e-con-boxed e-con e-parent\" data-id=\"215200e6\" data-element_type=\"container\" data-e-type=\"container\" data-settings=\"{&quot;jet_parallax_layout_list&quot;:[]}\">\n\t\t\t\t\t<div class=\"e-con-inner\">\n\t\t<div class=\"elementor-element elementor-element-8ca3792 e-con-full e-flex e-con e-child\" data-id=\"8ca3792\" data-element_type=\"container\" data-e-type=\"container\" data-settings=\"{&quot;jet_parallax_layout_list&quot;:[]}\">\n\t\t<div class=\"elementor-element elementor-element-1741c610 e-con-full e-flex e-con e-child\" data-id=\"1741c610\" data-element_type=\"container\" data-e-type=\"container\" data-settings=\"{&quot;jet_parallax_layout_list&quot;:[]}\">\n\t\t<div class=\"elementor-element elementor-element-34e32f59 e-con-full e-flex e-con e-child\" data-id=\"34e32f59\" data-element_type=\"container\" data-e-type=\"container\" data-settings=\"{&quot;jet_parallax_layout_list&quot;:[]}\">\n\t\t\t\t<div class=\"elementor-element elementor-element-566a767e elementor-widget__width-initial elementor-widget-mobile__width-inherit elementor-widget elementor-widget-heading\" data-id=\"566a767e\" data-element_type=\"widget\" data-e-type=\"widget\" data-widget_type=\"heading.default\">\n\t\t\t\t<div class=\"elementor-widget-container\">\n\t\t\t\t\t<h1 class=\"elementor-heading-title elementor-size-default\">iOS program\u0117l\u0117s \u012fkrovimo vadovas<\/h1>\t\t\t\t<\/div>\n\t\t\t\t<\/div>\n\t\t<div class=\"elementor-element elementor-element-49ad44a1 e-con-full e-flex e-con e-child\" data-id=\"49ad44a1\" data-element_type=\"container\" data-e-type=\"container\" data-settings=\"{&quot;jet_parallax_layout_list&quot;:[]}\">\n\t\t\t\t<div class=\"elementor-element elementor-element-68dd3fc5 elementor-widget elementor-widget-text-editor\" data-id=\"68dd3fc5\" data-element_type=\"widget\" data-e-type=\"widget\" data-widget_type=\"text-editor.default\">\n\t\t\t\t<div class=\"elementor-widget-container\">\n\t\t\t\t\t\t\t\t\t<p><b>\ud83c\uddf5\ud83c\uddf1 \u012ekrovimas Lenkijoje<\/b><b>:<\/b> Nor\u0117dami \u012fkrauti Lenkijoje, <b>atsisi\u0173skite \u201eEleport Polska\u201c program\u0117l\u0119<\/b> i\u0161 <a href=\"https:\/\/apps.apple.com\/app\/eleport-polska\/id6447239266\" target=\"_blank\" rel=\"noopener\">\u201eApp Store\u201c<\/a> arba <a href=\"https:\/\/play.google.com\/store\/apps\/details?id=pl.eleport.android.app\" target=\"_blank\" rel=\"noopener\">\u201ePlay Store\u201c<\/a> ir sekite \u012fkrovimo <a href=\"\/wp-content\/uploads\/2024\/08\/Instrukcja-obslugi-aplikacji-Eleport-Polska.pdf\">vadov\u0105<\/a>.<\/p>\n\t\t\t\t\t\t\t\t<\/div>\n\t\t\t\t<\/div>\n\t\t\t\t<\/div>\n\t\t\t\t<div class=\"elementor-element elementor-element-6924dc4f elementor-widget elementor-widget-image\" data-id=\"6924dc4f\" data-element_type=\"widget\" data-e-type=\"widget\" data-widget_type=\"image.default\">\n\t\t\t\t<div class=\"elementor-widget-container\">\n\t\t\t\t\t\t\t\t\t\t\t\t\t\t\t<img fetchpriority=\"high\" decoding=\"async\" width=\"2048\" height=\"1366\" src=\"https:\/\/eleport.com\/wp-content\/uploads\/2025\/05\/DC-charging-2.jpg\" class=\"attachment-full size-full wp-image-6601\" alt=\"\" srcset=\"https:\/\/eleport.com\/wp-content\/uploads\/2025\/05\/DC-charging-2.jpg 2048w, https:\/\/eleport.com\/wp-content\/uploads\/2025\/05\/DC-charging-2-300x200.jpg 300w, https:\/\/eleport.com\/wp-content\/uploads\/2025\/05\/DC-charging-2-1024x683.jpg 1024w, https:\/\/eleport.com\/wp-content\/uploads\/2025\/05\/DC-charging-2-768x512.jpg 768w, https:\/\/eleport.com\/wp-content\/uploads\/2025\/05\/DC-charging-2-1536x1025.jpg 1536w\" sizes=\"(max-width: 2048px) 100vw, 2048px\" \/>\t\t\t\t\t\t\t\t\t\t\t\t\t\t\t<\/div>\n\t\t\t\t<\/div>\n\t\t\t\t<\/div>\n\t\t<div class=\"elementor-element elementor-element-ffe7b4d e-con-full e-flex e-con e-child\" data-id=\"ffe7b4d\" data-element_type=\"container\" data-e-type=\"container\" data-settings=\"{&quot;jet_parallax_layout_list&quot;:[]}\">\n\t\t\t\t<div class=\"elementor-element elementor-element-74f803 elementor-widget elementor-widget-text-editor\" data-id=\"74f803\" data-element_type=\"widget\" data-e-type=\"widget\" data-widget_type=\"text-editor.default\">\n\t\t\t\t<div class=\"elementor-widget-container\">\n\t\t\t\t\t\t\t\t\t<p data-renderer-start-pos=\"227\">Naudotis \u201eEleport\u201c mobili\u0105ja program\u0117le yra lengva. J\u0105 galite naudoti nor\u0117dami pamatyti \u012fkrovimo stoteles, \u012fkrauti su paskyra ir per\u017ei\u016br\u0117ti atliktus sandorius kaip vartotojas.<\/p><p data-renderer-start-pos=\"359\">Nor\u0117dami prad\u0117ti naudotis program\u0117le:<\/p><ul data-indent-level=\"1\"><li><p data-renderer-start-pos=\"414\">\u012esitikinkite, kad atsisiunt\u0117te program\u0117l\u0119 i\u0161 \u201eApp Store\u201c.<\/p><\/li><li><p data-renderer-start-pos=\"471\">\u012esitikinkite, kad turite \u201eEleport\u201c paskyr\u0105.<\/p><\/li><\/ul><p data-renderer-start-pos=\"508\"><strong data-renderer-mark=\"true\">Pastaba<\/strong>: Jei dar nesate u\u017esiregistrav\u0119 kaip klientas, tai galite padaryti <a title=\"https:\/\/register.eleport.com\/en\" href=\"https:\/\/register.eleport.com\/lt\" target=\"_blank\" rel=\"noopener\" data-renderer-mark=\"true\"><span data-renderer-mark=\"true\">\u010dia<\/span><\/a>.<\/p><p data-renderer-start-pos=\"576\"><strong data-renderer-mark=\"true\">Pastaba:<\/strong> \u201eEleport\u201c program\u0117l\u0117 naudoja numatyt\u0105j\u0105 j\u016bs\u0173 mobiliojo telefono sistemos kalb\u0105. Kalb\u0173 pasirinkime pateikiamos tik tos kalbos, kurios yra palaikomos \u201eEleport\u201c program\u0117l\u0117je (eston\u0173, angl\u0173, latvi\u0173).<\/p><p data-renderer-start-pos=\"737\">Jei norite pakeisti kalb\u0105, eikite \u012f savo mobiliojo telefono nustatymus: <strong data-renderer-mark=\"true\">Nustatymai<\/strong> \u2192 <strong data-renderer-mark=\"true\">Eleport<\/strong> \u2192 <strong data-renderer-mark=\"true\">Kalba<\/strong> \u2192 <b>Pasirinkite norim\u0105 kalb\u0105<\/b>.<\/p><p data-renderer-start-pos=\"737\">\u00a0<\/p><p data-renderer-start-pos=\"737\"><b>1 \u017eingsnis:<\/b> Prisijunkite prie \u201eEleport\u201c program\u0117l\u0117s<\/p><p data-renderer-start-pos=\"737\"><b>2 \u017eingsnis:<\/b> Pasirinkite \u012fkrovimo jungt\u012f<\/p><p data-renderer-start-pos=\"737\">Pasirinkite \u012fkrovikl\u012f, kurio ID atitinka program\u0117l\u0117je nurodyt\u0105 \u012fkroviklio ID, palieskite jungties tip\u0105 ir paspauskite \u201ePrad\u0117ti \u012fkrovim\u0105\u201c.<\/p><p data-renderer-start-pos=\"737\"><b>3 \u017eingsnis: <\/b> \u012ekrovimas<\/p><p data-renderer-start-pos=\"737\">\u012ekrovimas prasid\u0117s per 30 sekund\u017ei\u0173. Priklausomai nuo \u012fkroviklio tipo, \u012fkrovimo duomenys bus rodomi skirtingai.<\/p><p data-renderer-start-pos=\"737\"><b>Pastaba:<\/b> Jei po minut\u0117s ar dviej\u0173 negaunate skaitiklio reik\u0161mi\u0173, bus rodoma \u201eBaterijos informacija \u0161iuo metu neprieinama\u201c.<\/p><p data-renderer-start-pos=\"737\"><span style=\"color: var( --e-global-color-secondary ); font-family: var( --e-global-typography-text-font-family ), Sans-serif; font-size: var( --e-global-typography-text-font-size ); font-weight: var( --e-global-typography-text-font-weight ); text-align: var(--text-align);\">Nor\u0117dami sustabdyti \u012fkrovim\u0105<\/span>, <span style=\"color: var( --e-global-color-secondary ); font-family: var( --e-global-typography-text-font-family ), Sans-serif; font-size: var( --e-global-typography-text-font-size ); font-weight: var( --e-global-typography-text-font-weight ); text-align: var(--text-align);\">paspauskite<\/span> <span style=\"color: var( --e-global-color-secondary ); font-family: var( --e-global-typography-text-font-family ), Sans-serif; font-size: var( --e-global-typography-text-font-size ); text-align: var(--text-align);\"><b>\u201eSustabdyti \u012fkrovim\u0105\u201c<\/b><\/span>.<\/p><p data-renderer-start-pos=\"737\"><b>4 \u017eingsnis: <\/b> Patikrinkite \u012fkrovimo santrauk\u0105<\/p><p data-renderer-start-pos=\"737\">Patikrinkite, ar atliktos \u012fkrovimo santraukos duomenys yra teisingi.<\/p><p data-renderer-start-pos=\"737\">Galite prad\u0117ti \u012fkrovim\u0105 i\u0161 naujo paspaud\u0119 <b>\u201ePrad\u0117ti \u012fkrovim\u0105\u201c<\/b>.<\/p><p data-renderer-start-pos=\"737\"><span style=\"color: var( --e-global-color-secondary ); font-family: var( --e-global-typography-text-font-family ), Sans-serif; font-size: var( --e-global-typography-text-font-size ); font-weight: var( --e-global-typography-text-font-weight ); text-align: var(--text-align);\">PASTABA: Prie\u0161 prad\u0117dami \u012fkrovim\u0105 i\u0161 naujo, turite atjungti \u012fkrovimo jungt\u012f nuo automobilio ir prijungti j\u0105 i\u0161 naujo. <\/span><\/p><div id=\"wc_task_count_div\" class=\"wc_div_position_south wc_div_theme_dark\"><div id=\"wc_inner_div\"><span class=\"wc_row_label\">Words<\/span><span id=\"wc_word_count\" class=\"wc_row_value\"><\/span><span class=\"wc_row_label\">Characters<\/span><span id=\"wc_char_count\" class=\"wc_row_value\"><\/span><span class=\"wc_row_label\">Reading time<\/span><span id=\"wc_reading_time\" class=\"wc_row_value\"><\/span><\/div><\/div>\t\t\t\t\t\t\t\t<\/div>\n\t\t\t\t<\/div>\n\t\t\t\t<\/div>\n\t\t\t\t<\/div>\n\t\t\t\t<\/div>\n\t\t\t\t\t<\/div>\n\t\t\t\t<\/div>\n\t\t\t\t<\/div>\n\t\t","protected":false},"excerpt":{"rendered":"<p>iOS program\u0117l\u0117s \u012fkrovimo vadovas \ud83c\uddf5\ud83c\uddf1 \u012ekrovimas Lenkijoje: Nor\u0117dami \u012fkrauti Lenkijoje, atsisi\u0173skite \u201eEleport Polska\u201c program\u0117l\u0119 i\u0161 \u201eApp Store\u201c arba \u201ePlay Store\u201c ir sekite \u012fkrovimo vadov\u0105. Naudotis \u201eEleport\u201c mobili\u0105ja program\u0117le yra lengva. J\u0105 galite naudoti nor\u0117dami pamatyti \u012fkrovimo stoteles, \u012fkrauti su paskyra ir per\u017ei\u016br\u0117ti atliktus sandorius kaip vartotojas. Nor\u0117dami prad\u0117ti naudotis program\u0117le: \u012esitikinkite, kad atsisiunt\u0117te program\u0117l\u0119 i\u0161 [&hellip;]<\/p>\n","protected":false},"author":5,"featured_media":6598,"parent":6571,"menu_order":1,"comment_status":"closed","ping_status":"closed","template":"","meta":{"footnotes":"","_wpscppro_dont_share_socialmedia":false,"_wpscppro_custom_social_share_image":0,"_facebook_share_type":"default","_twitter_share_type":"default","_linkedin_share_type":"default","_pinterest_share_type":"default","_linkedin_share_type_page":"","_instagram_share_type":"default","_medium_share_type":"default","_threads_share_type":"","_google_business_share_type":"","_selected_social_profile":[],"_wpsp_enable_custom_social_template":false,"_wpsp_social_scheduling":{"enabled":false,"datetime":null,"platforms":[],"status":"template_only","dateOption":"today","timeOption":"now","customDays":"","customHours":"","customDate":"","customTime":"","schedulingType":"absolute"},"_wpsp_active_default_template":true},"class_list":["post-6675","page","type-page","status-publish","has-post-thumbnail","hentry"],"_links":{"self":[{"href":"https:\/\/eleport.com\/lt\/wp-json\/wp\/v2\/pages\/6675","targetHints":{"allow":["GET"]}}],"collection":[{"href":"https:\/\/eleport.com\/lt\/wp-json\/wp\/v2\/pages"}],"about":[{"href":"https:\/\/eleport.com\/lt\/wp-json\/wp\/v2\/types\/page"}],"author":[{"embeddable":true,"href":"https:\/\/eleport.com\/lt\/wp-json\/wp\/v2\/users\/5"}],"replies":[{"embeddable":true,"href":"https:\/\/eleport.com\/lt\/wp-json\/wp\/v2\/comments?post=6675"}],"version-history":[{"count":7,"href":"https:\/\/eleport.com\/lt\/wp-json\/wp\/v2\/pages\/6675\/revisions"}],"predecessor-version":[{"id":6919,"href":"https:\/\/eleport.com\/lt\/wp-json\/wp\/v2\/pages\/6675\/revisions\/6919"}],"up":[{"embeddable":true,"href":"https:\/\/eleport.com\/lt\/wp-json\/wp\/v2\/pages\/6571"}],"wp:featuredmedia":[{"embeddable":true,"href":"https:\/\/eleport.com\/lt\/wp-json\/wp\/v2\/media\/6598"}],"wp:attachment":[{"href":"https:\/\/eleport.com\/lt\/wp-json\/wp\/v2\/media?parent=6675"}],"curies":[{"name":"wp","href":"https:\/\/api.w.org\/{rel}","templated":true}]}}