{"id":6683,"date":"2024-06-25T20:04:57","date_gmt":"2024-06-25T18:04:57","guid":{"rendered":"https:\/\/eleport.com\/?page_id=6683"},"modified":"2025-05-28T10:55:30","modified_gmt":"2025-05-28T10:55:30","slug":"atsisiuntimai","status":"publish","type":"page","link":"https:\/\/eleport.com\/lt\/istekliai\/atsisiuntimai\/","title":{"rendered":"Atsisiuntimai"},"content":{"rendered":"\t\t<div data-elementor-type=\"wp-page\" data-elementor-id=\"6683\" class=\"elementor elementor-6683 elementor-42\" data-elementor-post-type=\"page\">\n\t\t\t\t<div class=\"elementor-element elementor-element-2406a853 e-flex e-con-boxed e-con e-parent\" data-id=\"2406a853\" data-element_type=\"container\" data-e-type=\"container\" data-settings=\"{&quot;jet_parallax_layout_list&quot;:[]}\">\n\t\t\t\t\t<div class=\"e-con-inner\">\n\t\t<div class=\"elementor-element elementor-element-26bfd6d0 e-con-full e-flex e-con e-child\" data-id=\"26bfd6d0\" data-element_type=\"container\" data-e-type=\"container\" data-settings=\"{&quot;background_background&quot;:&quot;classic&quot;,&quot;jet_parallax_layout_list&quot;:[]}\">\n\t\t\t\t<div class=\"elementor-element elementor-element-4dd3e6ff elementor-widget elementor-widget-heading\" data-id=\"4dd3e6ff\" data-element_type=\"widget\" data-e-type=\"widget\" data-widget_type=\"heading.default\">\n\t\t\t\t<div class=\"elementor-widget-container\">\n\t\t\t\t\t<span class=\"elementor-heading-title elementor-size-default\">Atsisiuntimai<\/span>\t\t\t\t<\/div>\n\t\t\t\t<\/div>\n\t\t\t\t<div class=\"elementor-element elementor-element-6be34243 elementor-widget elementor-widget-heading\" data-id=\"6be34243\" data-element_type=\"widget\" data-e-type=\"widget\" data-widget_type=\"heading.default\">\n\t\t\t\t<div class=\"elementor-widget-container\">\n\t\t\t\t\t<h1 class=\"elementor-heading-title elementor-size-default\">I\u0161tekliai ranka pasiekiami<\/h1>\t\t\t\t<\/div>\n\t\t\t\t<\/div>\n\t\t\t\t<div class=\"elementor-element elementor-element-1fedf2e0 elementor-widget__width-initial elementor-widget-mobile__width-inherit elementor-widget elementor-widget-text-editor\" data-id=\"1fedf2e0\" data-element_type=\"widget\" data-e-type=\"widget\" data-widget_type=\"text-editor.default\">\n\t\t\t\t<div class=\"elementor-widget-container\">\n\t\t\t\t\t\t\t\t\t<p data-pm-slice=\"1 1 []\">Raskite atsisiun\u010diamus i\u0161teklius \u017einiasklaidos apr\u0117p\u010diai ir kitoms reikm\u0117ms.<\/p>\n\t\t\t\t\t\t\t\t<\/div>\n\t\t\t\t<\/div>\n\t\t\t\t<\/div>\n\t\t\t\t\t<\/div>\n\t\t\t\t<\/div>\n\t\t<div class=\"elementor-element elementor-element-711aef65 e-flex e-con-boxed e-con e-parent\" data-id=\"711aef65\" data-element_type=\"container\" data-e-type=\"container\" id=\"legal-documents\" data-settings=\"{&quot;jet_parallax_layout_list&quot;:[]}\">\n\t\t\t\t\t<div class=\"e-con-inner\">\n\t\t<div class=\"elementor-element elementor-element-4ffc8168 e-con-full e-flex e-con e-child\" data-id=\"4ffc8168\" data-element_type=\"container\" data-e-type=\"container\" data-settings=\"{&quot;jet_parallax_layout_list&quot;:[]}\">\n\t\t<div class=\"elementor-element elementor-element-12604d07 e-con-full e-flex e-con e-child\" data-id=\"12604d07\" data-element_type=\"container\" data-e-type=\"container\" data-settings=\"{&quot;jet_parallax_layout_list&quot;:[]}\">\n\t\t<div class=\"elementor-element elementor-element-6f6ae31 e-con-full e-flex e-con e-child\" data-id=\"6f6ae31\" data-element_type=\"container\" data-e-type=\"container\" data-settings=\"{&quot;jet_parallax_layout_list&quot;:[]}\">\n\t\t<div class=\"elementor-element elementor-element-2de2c45e e-con-full e-flex e-con e-child\" data-id=\"2de2c45e\" data-element_type=\"container\" data-e-type=\"container\" data-settings=\"{&quot;jet_parallax_layout_list&quot;:[]}\">\n\t\t\t\t<div class=\"elementor-element elementor-element-4cb3d830 elementor-widget elementor-widget-heading\" data-id=\"4cb3d830\" data-element_type=\"widget\" data-e-type=\"widget\" data-widget_type=\"heading.default\">\n\t\t\t\t<div class=\"elementor-widget-container\">\n\t\t\t\t\t<span class=\"elementor-heading-title elementor-size-default\">Galimi atsisiuntimai<\/span>\t\t\t\t<\/div>\n\t\t\t\t<\/div>\n\t\t<div class=\"elementor-element elementor-element-2c000b24 e-con-full e-flex e-con e-child\" data-id=\"2c000b24\" data-element_type=\"container\" data-e-type=\"container\" data-settings=\"{&quot;jet_parallax_layout_list&quot;:[]}\">\n\t\t<div class=\"elementor-element elementor-element-68037a2b e-grid e-con-full e-con e-child\" data-id=\"68037a2b\" data-element_type=\"container\" data-e-type=\"container\" data-settings=\"{&quot;jet_parallax_layout_list&quot;:[]}\">\n\t\t<div class=\"elementor-element elementor-element-719c33a0 e-con-full e-flex e-con e-child\" data-id=\"719c33a0\" data-element_type=\"container\" data-e-type=\"container\" data-settings=\"{&quot;jet_parallax_layout_list&quot;:[]}\">\n\t\t<div class=\"elementor-element elementor-element-4bd4ca08 e-con-full e-flex e-con e-child\" data-id=\"4bd4ca08\" data-element_type=\"container\" data-e-type=\"container\" data-settings=\"{&quot;jet_parallax_layout_list&quot;:[]}\">\n\t\t<div class=\"elementor-element elementor-element-409d8d3d e-con-full e-flex e-con e-child\" data-id=\"409d8d3d\" data-element_type=\"container\" data-e-type=\"container\" data-settings=\"{&quot;jet_parallax_layout_list&quot;:[]}\">\n\t\t\t\t<div class=\"elementor-element elementor-element-576abb91 elementor-widget elementor-widget-image\" data-id=\"576abb91\" data-element_type=\"widget\" data-e-type=\"widget\" data-widget_type=\"image.default\">\n\t\t\t\t<div class=\"elementor-widget-container\">\n\t\t\t\t\t\t\t\t\t\t\t\t\t\t\t<img fetchpriority=\"high\" decoding=\"async\" width=\"1536\" height=\"864\" src=\"https:\/\/eleport.com\/wp-content\/uploads\/2025\/05\/Eleport-Meeskond-Noblessner-66-scaled-3-1536x864.webp\" class=\"attachment-1536x1536 size-1536x1536 wp-image-6692\" alt=\"\" srcset=\"https:\/\/eleport.com\/wp-content\/uploads\/2025\/05\/Eleport-Meeskond-Noblessner-66-scaled-3-1536x864.webp 1536w, https:\/\/eleport.com\/wp-content\/uploads\/2025\/05\/Eleport-Meeskond-Noblessner-66-scaled-3-300x169.webp 300w, https:\/\/eleport.com\/wp-content\/uploads\/2025\/05\/Eleport-Meeskond-Noblessner-66-scaled-3-1024x576.webp 1024w, https:\/\/eleport.com\/wp-content\/uploads\/2025\/05\/Eleport-Meeskond-Noblessner-66-scaled-3-768x432.webp 768w, https:\/\/eleport.com\/wp-content\/uploads\/2025\/05\/Eleport-Meeskond-Noblessner-66-scaled-3-2048x1152.webp 2048w\" sizes=\"(max-width: 1536px) 100vw, 1536px\" \/>\t\t\t\t\t\t\t\t\t\t\t\t\t\t\t<\/div>\n\t\t\t\t<\/div>\n\t\t\t\t<\/div>\n\t\t<div class=\"elementor-element elementor-element-2bb99eb9 e-con-full e-flex e-con e-child\" data-id=\"2bb99eb9\" data-element_type=\"container\" data-e-type=\"container\" data-settings=\"{&quot;jet_parallax_layout_list&quot;:[]}\">\n\t\t\t\t<div class=\"elementor-element elementor-element-37158d8 elementor-widget elementor-widget-heading\" data-id=\"37158d8\" data-element_type=\"widget\" data-e-type=\"widget\" data-widget_type=\"heading.default\">\n\t\t\t\t<div class=\"elementor-widget-container\">\n\t\t\t\t\t<h2 class=\"elementor-heading-title elementor-size-default\">\u201eEleport\u201c medijos rinkinys<\/h2>\t\t\t\t<\/div>\n\t\t\t\t<\/div>\n\t\t\t\t<div class=\"elementor-element elementor-element-4cec766 elementor-widget elementor-widget-button\" data-id=\"4cec766\" data-element_type=\"widget\" data-e-type=\"widget\" data-widget_type=\"button.default\">\n\t\t\t\t<div class=\"elementor-widget-container\">\n\t\t\t\t\t\t\t\t\t<div class=\"elementor-button-wrapper\">\n\t\t\t\t\t<a class=\"elementor-button elementor-button-link elementor-size-sm\" href=\"\/wp-content\/uploads\/2024\/08\/Eleport-Logo.zip\">\n\t\t\t\t\t\t<span class=\"elementor-button-content-wrapper\">\n\t\t\t\t\t\t<span class=\"elementor-button-icon\">\n\t\t\t\t<svg xmlns=\"http:\/\/www.w3.org\/2000\/svg\" width=\"24\" height=\"24\" viewBox=\"0 0 24 24\" fill=\"none\" stroke=\"currentColor\" stroke-width=\"2\" stroke-linecap=\"round\" stroke-linejoin=\"round\" class=\"lucide lucide-arrow-up-right\"><path d=\"M7 7h10v10\"><\/path><path d=\"M7 17 17 7\"><\/path><\/svg>\t\t\t<\/span>\n\t\t\t\t\t\t\t\t\t<span class=\"elementor-button-text\">Atsisi\u0173sti<\/span>\n\t\t\t\t\t<\/span>\n\t\t\t\t\t<\/a>\n\t\t\t\t<\/div>\n\t\t\t\t\t\t\t\t<\/div>\n\t\t\t\t<\/div>\n\t\t\t\t<\/div>\n\t\t\t\t<\/div>\n\t\t\t\t<\/div>\n\t\t\t\t<\/div>\n\t\t\t\t<\/div>\n\t\t\t\t<\/div>\n\t\t\t\t<\/div>\n\t\t\t\t<\/div>\n\t\t\t\t<\/div>\n\t\t\t\t\t<\/div>\n\t\t\t\t<\/div>\n\t\t\t\t<\/div>\n\t\t","protected":false},"excerpt":{"rendered":"<p>Atsisiuntimai I\u0161tekliai ranka pasiekiami Raskite atsisiun\u010diamus i\u0161teklius \u017einiasklaidos apr\u0117p\u010diai ir kitoms reikm\u0117ms. Galimi atsisiuntimai \u201eEleport\u201c medijos rinkinys Atsisi\u0173sti<\/p>\n","protected":false},"author":5,"featured_media":0,"parent":6571,"menu_order":2,"comment_status":"closed","ping_status":"closed","template":"","meta":{"footnotes":"","_wpscppro_dont_share_socialmedia":false,"_wpscppro_custom_social_share_image":0,"_facebook_share_type":"default","_twitter_share_type":"default","_linkedin_share_type":"default","_pinterest_share_type":"default","_linkedin_share_type_page":"","_instagram_share_type":"default","_medium_share_type":"default","_threads_share_type":"","_google_business_share_type":"","_selected_social_profile":[],"_wpsp_enable_custom_social_template":false,"_wpsp_social_scheduling":{"enabled":false,"datetime":null,"platforms":[],"status":"template_only","dateOption":"today","timeOption":"now","customDays":"","customHours":"","customDate":"","customTime":"","schedulingType":"absolute"},"_wpsp_active_default_template":true},"class_list":["post-6683","page","type-page","status-publish","hentry"],"_links":{"self":[{"href":"https:\/\/eleport.com\/lt\/wp-json\/wp\/v2\/pages\/6683","targetHints":{"allow":["GET"]}}],"collection":[{"href":"https:\/\/eleport.com\/lt\/wp-json\/wp\/v2\/pages"}],"about":[{"href":"https:\/\/eleport.com\/lt\/wp-json\/wp\/v2\/types\/page"}],"author":[{"embeddable":true,"href":"https:\/\/eleport.com\/lt\/wp-json\/wp\/v2\/users\/5"}],"replies":[{"embeddable":true,"href":"https:\/\/eleport.com\/lt\/wp-json\/wp\/v2\/comments?post=6683"}],"version-history":[{"count":7,"href":"https:\/\/eleport.com\/lt\/wp-json\/wp\/v2\/pages\/6683\/revisions"}],"predecessor-version":[{"id":6922,"href":"https:\/\/eleport.com\/lt\/wp-json\/wp\/v2\/pages\/6683\/revisions\/6922"}],"up":[{"embeddable":true,"href":"https:\/\/eleport.com\/lt\/wp-json\/wp\/v2\/pages\/6571"}],"wp:attachment":[{"href":"https:\/\/eleport.com\/lt\/wp-json\/wp\/v2\/media?parent=6683"}],"curies":[{"name":"wp","href":"https:\/\/api.w.org\/{rel}","templated":true}]}}