{"id":5567,"date":"2024-06-25T20:04:57","date_gmt":"2024-06-25T18:04:57","guid":{"rendered":"https:\/\/eleport.com\/?page_id=5567"},"modified":"2025-05-22T09:58:56","modified_gmt":"2025-05-22T09:58:56","slug":"lejupielades","status":"publish","type":"page","link":"https:\/\/eleport.com\/lv\/resursi\/lejupielades\/","title":{"rendered":"Lejupiel\u0101des"},"content":{"rendered":"\t\t<div data-elementor-type=\"wp-page\" data-elementor-id=\"5567\" class=\"elementor elementor-5567 elementor-42\" data-elementor-post-type=\"page\">\n\t\t\t\t<div class=\"elementor-element elementor-element-4e439f65 e-flex e-con-boxed e-con e-parent\" data-id=\"4e439f65\" data-element_type=\"container\" data-e-type=\"container\" data-settings=\"{&quot;jet_parallax_layout_list&quot;:[]}\">\n\t\t\t\t\t<div class=\"e-con-inner\">\n\t\t<div class=\"elementor-element elementor-element-2a5786e5 e-con-full e-flex e-con e-child\" data-id=\"2a5786e5\" data-element_type=\"container\" data-e-type=\"container\" data-settings=\"{&quot;background_background&quot;:&quot;classic&quot;,&quot;jet_parallax_layout_list&quot;:[]}\">\n\t\t\t\t<div class=\"elementor-element elementor-element-202d2265 elementor-widget elementor-widget-heading\" data-id=\"202d2265\" data-element_type=\"widget\" data-e-type=\"widget\" data-widget_type=\"heading.default\">\n\t\t\t\t<div class=\"elementor-widget-container\">\n\t\t\t\t\t<span class=\"elementor-heading-title elementor-size-default\">Lejupiel\u0101des<\/span>\t\t\t\t<\/div>\n\t\t\t\t<\/div>\n\t\t\t\t<div class=\"elementor-element elementor-element-74926201 elementor-widget elementor-widget-heading\" data-id=\"74926201\" data-element_type=\"widget\" data-e-type=\"widget\" data-widget_type=\"heading.default\">\n\t\t\t\t<div class=\"elementor-widget-container\">\n\t\t\t\t\t<h1 class=\"elementor-heading-title elementor-size-default\">Resursi j\u016bsu rok\u0101s<\/h1>\t\t\t\t<\/div>\n\t\t\t\t<\/div>\n\t\t\t\t<div class=\"elementor-element elementor-element-6206c3dc elementor-widget__width-initial elementor-widget-mobile__width-inherit elementor-widget elementor-widget-text-editor\" data-id=\"6206c3dc\" data-element_type=\"widget\" data-e-type=\"widget\" data-widget_type=\"text-editor.default\">\n\t\t\t\t<div class=\"elementor-widget-container\">\n\t\t\t\t\t\t\t\t\t<p data-pm-slice=\"1 1 []\">Atrodiet lejupiel\u0101d\u0113jamus resursus lieto\u0161anai medijos un v\u0113l vair\u0101k.<\/p>\n\t\t\t\t\t\t\t\t<\/div>\n\t\t\t\t<\/div>\n\t\t\t\t<\/div>\n\t\t\t\t\t<\/div>\n\t\t\t\t<\/div>\n\t\t<div class=\"elementor-element elementor-element-393cc56 e-flex e-con-boxed e-con e-parent\" data-id=\"393cc56\" data-element_type=\"container\" data-e-type=\"container\" id=\"legal-documents\" data-settings=\"{&quot;jet_parallax_layout_list&quot;:[]}\">\n\t\t\t\t\t<div class=\"e-con-inner\">\n\t\t<div class=\"elementor-element elementor-element-404ff155 e-con-full e-flex e-con e-child\" data-id=\"404ff155\" data-element_type=\"container\" data-e-type=\"container\" data-settings=\"{&quot;jet_parallax_layout_list&quot;:[]}\">\n\t\t<div class=\"elementor-element elementor-element-7f6244b0 e-con-full e-flex e-con e-child\" data-id=\"7f6244b0\" data-element_type=\"container\" data-e-type=\"container\" data-settings=\"{&quot;jet_parallax_layout_list&quot;:[]}\">\n\t\t<div class=\"elementor-element elementor-element-1f1f1bc5 e-con-full e-flex e-con e-child\" data-id=\"1f1f1bc5\" data-element_type=\"container\" data-e-type=\"container\" data-settings=\"{&quot;jet_parallax_layout_list&quot;:[]}\">\n\t\t<div class=\"elementor-element elementor-element-42ba490c e-con-full e-flex e-con e-child\" data-id=\"42ba490c\" data-element_type=\"container\" data-e-type=\"container\" data-settings=\"{&quot;jet_parallax_layout_list&quot;:[]}\">\n\t\t\t\t<div class=\"elementor-element elementor-element-67ed100e elementor-widget elementor-widget-heading\" data-id=\"67ed100e\" data-element_type=\"widget\" data-e-type=\"widget\" data-widget_type=\"heading.default\">\n\t\t\t\t<div class=\"elementor-widget-container\">\n\t\t\t\t\t<span class=\"elementor-heading-title elementor-size-default\">Pieejam\u0101s lejupiel\u0101des<\/span>\t\t\t\t<\/div>\n\t\t\t\t<\/div>\n\t\t<div class=\"elementor-element elementor-element-276e9553 e-con-full e-flex e-con e-child\" data-id=\"276e9553\" data-element_type=\"container\" data-e-type=\"container\" data-settings=\"{&quot;jet_parallax_layout_list&quot;:[]}\">\n\t\t<div class=\"elementor-element elementor-element-6b7fa795 e-grid e-con-full e-con e-child\" data-id=\"6b7fa795\" data-element_type=\"container\" data-e-type=\"container\" data-settings=\"{&quot;jet_parallax_layout_list&quot;:[]}\">\n\t\t<div class=\"elementor-element elementor-element-4af03e90 e-con-full e-flex e-con e-child\" data-id=\"4af03e90\" data-element_type=\"container\" data-e-type=\"container\" data-settings=\"{&quot;jet_parallax_layout_list&quot;:[]}\">\n\t\t<div class=\"elementor-element elementor-element-52044ae4 e-con-full e-flex e-con e-child\" data-id=\"52044ae4\" data-element_type=\"container\" data-e-type=\"container\" data-settings=\"{&quot;jet_parallax_layout_list&quot;:[]}\">\n\t\t<div class=\"elementor-element elementor-element-18214c4f e-con-full e-flex e-con e-child\" data-id=\"18214c4f\" data-element_type=\"container\" data-e-type=\"container\" data-settings=\"{&quot;jet_parallax_layout_list&quot;:[]}\">\n\t\t\t\t<div class=\"elementor-element elementor-element-c170999 elementor-widget elementor-widget-image\" data-id=\"c170999\" data-element_type=\"widget\" data-e-type=\"widget\" data-widget_type=\"image.default\">\n\t\t\t\t<div class=\"elementor-widget-container\">\n\t\t\t\t\t\t\t\t\t\t\t\t\t\t\t<img fetchpriority=\"high\" decoding=\"async\" width=\"1536\" height=\"864\" src=\"https:\/\/eleport.com\/wp-content\/uploads\/2025\/05\/Eleport-Meeskond-Noblessner-66-scaled-1-1536x864.webp\" class=\"attachment-1536x1536 size-1536x1536 wp-image-5574\" alt=\"\" srcset=\"https:\/\/eleport.com\/wp-content\/uploads\/2025\/05\/Eleport-Meeskond-Noblessner-66-scaled-1-1536x864.webp 1536w, https:\/\/eleport.com\/wp-content\/uploads\/2025\/05\/Eleport-Meeskond-Noblessner-66-scaled-1-300x169.webp 300w, https:\/\/eleport.com\/wp-content\/uploads\/2025\/05\/Eleport-Meeskond-Noblessner-66-scaled-1-1024x576.webp 1024w, https:\/\/eleport.com\/wp-content\/uploads\/2025\/05\/Eleport-Meeskond-Noblessner-66-scaled-1-768x432.webp 768w, https:\/\/eleport.com\/wp-content\/uploads\/2025\/05\/Eleport-Meeskond-Noblessner-66-scaled-1-2048x1152.webp 2048w\" sizes=\"(max-width: 1536px) 100vw, 1536px\" \/>\t\t\t\t\t\t\t\t\t\t\t\t\t\t\t<\/div>\n\t\t\t\t<\/div>\n\t\t\t\t<\/div>\n\t\t<div class=\"elementor-element elementor-element-14ab38df e-con-full e-flex e-con e-child\" data-id=\"14ab38df\" data-element_type=\"container\" data-e-type=\"container\" data-settings=\"{&quot;jet_parallax_layout_list&quot;:[]}\">\n\t\t\t\t<div class=\"elementor-element elementor-element-126dac83 elementor-widget elementor-widget-heading\" data-id=\"126dac83\" data-element_type=\"widget\" data-e-type=\"widget\" data-widget_type=\"heading.default\">\n\t\t\t\t<div class=\"elementor-widget-container\">\n\t\t\t\t\t<h2 class=\"elementor-heading-title elementor-size-default\">Eleport mediju pakete<\/h2>\t\t\t\t<\/div>\n\t\t\t\t<\/div>\n\t\t\t\t<div class=\"elementor-element elementor-element-25c1f80 elementor-widget elementor-widget-button\" data-id=\"25c1f80\" data-element_type=\"widget\" data-e-type=\"widget\" data-widget_type=\"button.default\">\n\t\t\t\t<div class=\"elementor-widget-container\">\n\t\t\t\t\t\t\t\t\t<div class=\"elementor-button-wrapper\">\n\t\t\t\t\t<a class=\"elementor-button elementor-button-link elementor-size-sm\" href=\"\/wp-content\/uploads\/2024\/08\/Eleport-Logo.zip\" target=\"_blank\">\n\t\t\t\t\t\t<span class=\"elementor-button-content-wrapper\">\n\t\t\t\t\t\t<span class=\"elementor-button-icon\">\n\t\t\t\t<svg xmlns=\"http:\/\/www.w3.org\/2000\/svg\" width=\"24\" height=\"24\" viewBox=\"0 0 24 24\" fill=\"none\" stroke=\"currentColor\" stroke-width=\"2\" stroke-linecap=\"round\" stroke-linejoin=\"round\" class=\"lucide lucide-arrow-up-right\"><path d=\"M7 7h10v10\"><\/path><path d=\"M7 17 17 7\"><\/path><\/svg>\t\t\t<\/span>\n\t\t\t\t\t\t\t\t\t<span class=\"elementor-button-text\">Lejupiel\u0101d\u0113t<\/span>\n\t\t\t\t\t<\/span>\n\t\t\t\t\t<\/a>\n\t\t\t\t<\/div>\n\t\t\t\t\t\t\t\t<\/div>\n\t\t\t\t<\/div>\n\t\t\t\t<\/div>\n\t\t\t\t<\/div>\n\t\t\t\t<\/div>\n\t\t\t\t<\/div>\n\t\t\t\t<\/div>\n\t\t\t\t<\/div>\n\t\t\t\t<\/div>\n\t\t\t\t<\/div>\n\t\t\t\t<\/div>\n\t\t\t\t\t<\/div>\n\t\t\t\t<\/div>\n\t\t\t\t<\/div>\n\t\t","protected":false},"excerpt":{"rendered":"<p>Lejupiel\u0101des Resursi j\u016bsu rok\u0101s Atrodiet lejupiel\u0101d\u0113jamus resursus lieto\u0161anai medijos un v\u0113l vair\u0101k. Pieejam\u0101s lejupiel\u0101des Eleport mediju pakete Lejupiel\u0101d\u0113t<\/p>\n","protected":false},"author":5,"featured_media":0,"parent":5512,"menu_order":2,"comment_status":"closed","ping_status":"closed","template":"","meta":{"footnotes":"","_wpscppro_dont_share_socialmedia":false,"_wpscppro_custom_social_share_image":0,"_facebook_share_type":"default","_twitter_share_type":"default","_linkedin_share_type":"default","_pinterest_share_type":"default","_linkedin_share_type_page":"","_instagram_share_type":"default","_medium_share_type":"default","_threads_share_type":"","_google_business_share_type":"","_selected_social_profile":[],"_wpsp_enable_custom_social_template":false,"_wpsp_social_scheduling":{"enabled":false,"datetime":null,"platforms":[],"status":"template_only","dateOption":"today","timeOption":"now","customDays":"","customHours":"","customDate":"","customTime":"","schedulingType":"absolute"},"_wpsp_active_default_template":true},"class_list":["post-5567","page","type-page","status-publish","hentry"],"_links":{"self":[{"href":"https:\/\/eleport.com\/lv\/wp-json\/wp\/v2\/pages\/5567","targetHints":{"allow":["GET"]}}],"collection":[{"href":"https:\/\/eleport.com\/lv\/wp-json\/wp\/v2\/pages"}],"about":[{"href":"https:\/\/eleport.com\/lv\/wp-json\/wp\/v2\/types\/page"}],"author":[{"embeddable":true,"href":"https:\/\/eleport.com\/lv\/wp-json\/wp\/v2\/users\/5"}],"replies":[{"embeddable":true,"href":"https:\/\/eleport.com\/lv\/wp-json\/wp\/v2\/comments?post=5567"}],"version-history":[{"count":7,"href":"https:\/\/eleport.com\/lv\/wp-json\/wp\/v2\/pages\/5567\/revisions"}],"predecessor-version":[{"id":6087,"href":"https:\/\/eleport.com\/lv\/wp-json\/wp\/v2\/pages\/5567\/revisions\/6087"}],"up":[{"embeddable":true,"href":"https:\/\/eleport.com\/lv\/wp-json\/wp\/v2\/pages\/5512"}],"wp:attachment":[{"href":"https:\/\/eleport.com\/lv\/wp-json\/wp\/v2\/media?parent=5567"}],"curies":[{"name":"wp","href":"https:\/\/api.w.org\/{rel}","templated":true}]}}