{"id":7326,"date":"2024-06-25T20:04:57","date_gmt":"2024-06-25T18:04:57","guid":{"rendered":"https:\/\/eleport.com\/?page_id=7326"},"modified":"2025-05-30T08:43:40","modified_gmt":"2025-05-30T08:43:40","slug":"do-pobrania","status":"publish","type":"page","link":"https:\/\/eleport.com\/pl\/zasoby\/do-pobrania\/","title":{"rendered":"Do pobrania"},"content":{"rendered":"\t\t<div data-elementor-type=\"wp-page\" data-elementor-id=\"7326\" class=\"elementor elementor-7326 elementor-42\" data-elementor-post-type=\"page\">\n\t\t\t\t<div class=\"elementor-element elementor-element-c583779 e-flex e-con-boxed e-con e-parent\" data-id=\"c583779\" data-element_type=\"container\" data-e-type=\"container\" data-settings=\"{&quot;jet_parallax_layout_list&quot;:[]}\">\n\t\t\t\t\t<div class=\"e-con-inner\">\n\t\t<div class=\"elementor-element elementor-element-3814d8c0 e-con-full e-flex e-con e-child\" data-id=\"3814d8c0\" data-element_type=\"container\" data-e-type=\"container\" data-settings=\"{&quot;background_background&quot;:&quot;classic&quot;,&quot;jet_parallax_layout_list&quot;:[]}\">\n\t\t\t\t<div class=\"elementor-element elementor-element-5f1bc14d elementor-widget elementor-widget-heading\" data-id=\"5f1bc14d\" data-element_type=\"widget\" data-e-type=\"widget\" data-widget_type=\"heading.default\">\n\t\t\t\t<div class=\"elementor-widget-container\">\n\t\t\t\t\t<span class=\"elementor-heading-title elementor-size-default\">Do pobrania<\/span>\t\t\t\t<\/div>\n\t\t\t\t<\/div>\n\t\t\t\t<div class=\"elementor-element elementor-element-62f593a5 elementor-widget elementor-widget-heading\" data-id=\"62f593a5\" data-element_type=\"widget\" data-e-type=\"widget\" data-widget_type=\"heading.default\">\n\t\t\t\t<div class=\"elementor-widget-container\">\n\t\t\t\t\t<h1 class=\"elementor-heading-title elementor-size-default\">Materia\u0142y do pobrania na wyci\u0105gni\u0119cie r\u0119ki<\/h1>\t\t\t\t<\/div>\n\t\t\t\t<\/div>\n\t\t\t\t<div class=\"elementor-element elementor-element-364f1262 elementor-widget__width-initial elementor-widget-mobile__width-inherit elementor-widget elementor-widget-text-editor\" data-id=\"364f1262\" data-element_type=\"widget\" data-e-type=\"widget\" data-widget_type=\"text-editor.default\">\n\t\t\t\t<div class=\"elementor-widget-container\">\n\t\t\t\t\t\t\t\t\t<p data-pm-slice=\"1 1 []\">Materia\u0142y do pobrania dla medi\u00f3w i nie tylko.<\/p>\n\t\t\t\t\t\t\t\t<\/div>\n\t\t\t\t<\/div>\n\t\t\t\t<\/div>\n\t\t\t\t\t<\/div>\n\t\t\t\t<\/div>\n\t\t<div class=\"elementor-element elementor-element-26407c9e e-flex e-con-boxed e-con e-parent\" data-id=\"26407c9e\" data-element_type=\"container\" data-e-type=\"container\" id=\"legal-documents\" data-settings=\"{&quot;jet_parallax_layout_list&quot;:[]}\">\n\t\t\t\t\t<div class=\"e-con-inner\">\n\t\t<div class=\"elementor-element elementor-element-33e4e0cf e-con-full e-flex e-con e-child\" data-id=\"33e4e0cf\" data-element_type=\"container\" data-e-type=\"container\" data-settings=\"{&quot;jet_parallax_layout_list&quot;:[]}\">\n\t\t<div class=\"elementor-element elementor-element-217439ed e-con-full e-flex e-con e-child\" data-id=\"217439ed\" data-element_type=\"container\" data-e-type=\"container\" data-settings=\"{&quot;jet_parallax_layout_list&quot;:[]}\">\n\t\t<div class=\"elementor-element elementor-element-23ebc05 e-con-full e-flex e-con e-child\" data-id=\"23ebc05\" data-element_type=\"container\" data-e-type=\"container\" data-settings=\"{&quot;jet_parallax_layout_list&quot;:[]}\">\n\t\t<div class=\"elementor-element elementor-element-1add92a8 e-con-full e-flex e-con e-child\" data-id=\"1add92a8\" data-element_type=\"container\" data-e-type=\"container\" data-settings=\"{&quot;jet_parallax_layout_list&quot;:[]}\">\n\t\t\t\t<div class=\"elementor-element elementor-element-5fa12a73 elementor-widget elementor-widget-heading\" data-id=\"5fa12a73\" data-element_type=\"widget\" data-e-type=\"widget\" data-widget_type=\"heading.default\">\n\t\t\t\t<div class=\"elementor-widget-container\">\n\t\t\t\t\t<span class=\"elementor-heading-title elementor-size-default\">Do pobrania<\/span>\t\t\t\t<\/div>\n\t\t\t\t<\/div>\n\t\t<div class=\"elementor-element elementor-element-7f12a817 e-con-full e-flex e-con e-child\" data-id=\"7f12a817\" data-element_type=\"container\" data-e-type=\"container\" data-settings=\"{&quot;jet_parallax_layout_list&quot;:[]}\">\n\t\t<div class=\"elementor-element elementor-element-60907b2c e-grid e-con-full e-con e-child\" data-id=\"60907b2c\" data-element_type=\"container\" data-e-type=\"container\" data-settings=\"{&quot;jet_parallax_layout_list&quot;:[]}\">\n\t\t<div class=\"elementor-element elementor-element-6dc67857 e-con-full e-flex e-con e-child\" data-id=\"6dc67857\" data-element_type=\"container\" data-e-type=\"container\" data-settings=\"{&quot;jet_parallax_layout_list&quot;:[]}\">\n\t\t<div class=\"elementor-element elementor-element-73adac36 e-con-full e-flex e-con e-child\" data-id=\"73adac36\" data-element_type=\"container\" data-e-type=\"container\" data-settings=\"{&quot;jet_parallax_layout_list&quot;:[]}\">\n\t\t<div class=\"elementor-element elementor-element-25d31cad e-con-full e-flex e-con e-child\" data-id=\"25d31cad\" data-element_type=\"container\" data-e-type=\"container\" data-settings=\"{&quot;jet_parallax_layout_list&quot;:[]}\">\n\t\t\t\t<div class=\"elementor-element elementor-element-385f0845 elementor-widget elementor-widget-image\" data-id=\"385f0845\" data-element_type=\"widget\" data-e-type=\"widget\" data-widget_type=\"image.default\">\n\t\t\t\t<div class=\"elementor-widget-container\">\n\t\t\t\t\t\t\t\t\t\t\t\t\t\t\t<img fetchpriority=\"high\" decoding=\"async\" width=\"1536\" height=\"864\" src=\"https:\/\/eleport.com\/wp-content\/uploads\/2025\/05\/Eleport-Meeskond-Noblessner-66-scaled-4-1536x864.webp\" class=\"attachment-1536x1536 size-1536x1536 wp-image-7335\" alt=\"\" srcset=\"https:\/\/eleport.com\/wp-content\/uploads\/2025\/05\/Eleport-Meeskond-Noblessner-66-scaled-4-1536x864.webp 1536w, https:\/\/eleport.com\/wp-content\/uploads\/2025\/05\/Eleport-Meeskond-Noblessner-66-scaled-4-300x169.webp 300w, https:\/\/eleport.com\/wp-content\/uploads\/2025\/05\/Eleport-Meeskond-Noblessner-66-scaled-4-1024x576.webp 1024w, https:\/\/eleport.com\/wp-content\/uploads\/2025\/05\/Eleport-Meeskond-Noblessner-66-scaled-4-768x432.webp 768w, https:\/\/eleport.com\/wp-content\/uploads\/2025\/05\/Eleport-Meeskond-Noblessner-66-scaled-4-2048x1152.webp 2048w\" sizes=\"(max-width: 1536px) 100vw, 1536px\" \/>\t\t\t\t\t\t\t\t\t\t\t\t\t\t\t<\/div>\n\t\t\t\t<\/div>\n\t\t\t\t<\/div>\n\t\t<div class=\"elementor-element elementor-element-336a0906 e-con-full e-flex e-con e-child\" data-id=\"336a0906\" data-element_type=\"container\" data-e-type=\"container\" data-settings=\"{&quot;jet_parallax_layout_list&quot;:[]}\">\n\t\t\t\t<div class=\"elementor-element elementor-element-f1ed563 elementor-widget elementor-widget-heading\" data-id=\"f1ed563\" data-element_type=\"widget\" data-e-type=\"widget\" data-widget_type=\"heading.default\">\n\t\t\t\t<div class=\"elementor-widget-container\">\n\t\t\t\t\t<h2 class=\"elementor-heading-title elementor-size-default\">Dla medi\u00f3w<\/h2>\t\t\t\t<\/div>\n\t\t\t\t<\/div>\n\t\t\t\t<div class=\"elementor-element elementor-element-207b5f97 elementor-widget elementor-widget-button\" data-id=\"207b5f97\" data-element_type=\"widget\" data-e-type=\"widget\" data-widget_type=\"button.default\">\n\t\t\t\t<div class=\"elementor-widget-container\">\n\t\t\t\t\t\t\t\t\t<div class=\"elementor-button-wrapper\">\n\t\t\t\t\t<a class=\"elementor-button elementor-button-link elementor-size-sm\" href=\"https:\/\/eleport.pl\/wp-content\/uploads\/2024\/08\/Eleport-Logo.zip\" target=\"_blank\" rel=\"noopener\">\n\t\t\t\t\t\t<span class=\"elementor-button-content-wrapper\">\n\t\t\t\t\t\t<span class=\"elementor-button-icon\">\n\t\t\t\t<svg xmlns=\"http:\/\/www.w3.org\/2000\/svg\" width=\"24\" height=\"24\" viewBox=\"0 0 24 24\" fill=\"none\" stroke=\"currentColor\" stroke-width=\"2\" stroke-linecap=\"round\" stroke-linejoin=\"round\" class=\"lucide lucide-arrow-up-right\"><path d=\"M7 7h10v10\"><\/path><path d=\"M7 17 17 7\"><\/path><\/svg>\t\t\t<\/span>\n\t\t\t\t\t\t\t\t\t<span class=\"elementor-button-text\">Pobierz<\/span>\n\t\t\t\t\t<\/span>\n\t\t\t\t\t<\/a>\n\t\t\t\t<\/div>\n\t\t\t\t\t\t\t\t<\/div>\n\t\t\t\t<\/div>\n\t\t\t\t<\/div>\n\t\t\t\t<\/div>\n\t\t\t\t<\/div>\n\t\t\t\t<\/div>\n\t\t\t\t<\/div>\n\t\t\t\t<\/div>\n\t\t\t\t<\/div>\n\t\t\t\t<\/div>\n\t\t\t\t<\/div>\n\t\t\t\t\t<\/div>\n\t\t\t\t<\/div>\n\t\t\t\t<\/div>\n\t\t","protected":false},"excerpt":{"rendered":"<p>Do pobrania Materia\u0142y do pobrania na wyci\u0105gni\u0119cie r\u0119ki Materia\u0142y do pobrania dla medi\u00f3w i nie tylko. Do pobrania Dla medi\u00f3w Pobierz<\/p>\n","protected":false},"author":5,"featured_media":0,"parent":7283,"menu_order":2,"comment_status":"closed","ping_status":"closed","template":"","meta":{"footnotes":"","_wpscppro_dont_share_socialmedia":false,"_wpscppro_custom_social_share_image":0,"_facebook_share_type":"default","_twitter_share_type":"default","_linkedin_share_type":"default","_pinterest_share_type":"default","_linkedin_share_type_page":"","_instagram_share_type":"default","_medium_share_type":"default","_threads_share_type":"","_google_business_share_type":"","_selected_social_profile":[],"_wpsp_enable_custom_social_template":false,"_wpsp_social_scheduling":{"enabled":false,"datetime":null,"platforms":[],"status":"template_only","dateOption":"today","timeOption":"now","customDays":"","customHours":"","customDate":"","customTime":"","schedulingType":"absolute"},"_wpsp_active_default_template":true},"class_list":["post-7326","page","type-page","status-publish","hentry"],"_links":{"self":[{"href":"https:\/\/eleport.com\/pl\/wp-json\/wp\/v2\/pages\/7326","targetHints":{"allow":["GET"]}}],"collection":[{"href":"https:\/\/eleport.com\/pl\/wp-json\/wp\/v2\/pages"}],"about":[{"href":"https:\/\/eleport.com\/pl\/wp-json\/wp\/v2\/types\/page"}],"author":[{"embeddable":true,"href":"https:\/\/eleport.com\/pl\/wp-json\/wp\/v2\/users\/5"}],"replies":[{"embeddable":true,"href":"https:\/\/eleport.com\/pl\/wp-json\/wp\/v2\/comments?post=7326"}],"version-history":[{"count":4,"href":"https:\/\/eleport.com\/pl\/wp-json\/wp\/v2\/pages\/7326\/revisions"}],"predecessor-version":[{"id":7346,"href":"https:\/\/eleport.com\/pl\/wp-json\/wp\/v2\/pages\/7326\/revisions\/7346"}],"up":[{"embeddable":true,"href":"https:\/\/eleport.com\/pl\/wp-json\/wp\/v2\/pages\/7283"}],"wp:attachment":[{"href":"https:\/\/eleport.com\/pl\/wp-json\/wp\/v2\/media?parent=7326"}],"curies":[{"name":"wp","href":"https:\/\/api.w.org\/{rel}","templated":true}]}}